{"id":26,"date":"2026-01-16T18:24:12","date_gmt":"2026-01-16T18:24:12","guid":{"rendered":"https:\/\/golftabusintac.ca\/?page_id=26"},"modified":"2026-04-05T21:59:44","modified_gmt":"2026-04-05T21:59:44","slug":"a-propos","status":"publish","type":"page","link":"https:\/\/golftabusintac.ca\/?page_id=26","title":{"rendered":"\u00c0 propos"},"content":{"rendered":"\t\t<div data-elementor-type=\"wp-page\" data-elementor-id=\"26\" class=\"elementor elementor-26\" data-elementor-post-type=\"page\">\n\t\t\t\t\t\t<section class=\"elementor-section elementor-top-section elementor-element elementor-element-2fd11d23 elementor-section-boxed elementor-section-height-default elementor-section-height-default\" data-id=\"2fd11d23\" data-element_type=\"section\" data-e-type=\"section\" data-settings=\"{&quot;background_background&quot;:&quot;classic&quot;}\">\n\t\t\t\t\t\t\t<div class=\"elementor-background-overlay\"><\/div>\n\t\t\t\t\t\t\t<div class=\"elementor-container elementor-column-gap-default\">\n\t\t\t\t\t<div class=\"elementor-column elementor-col-100 elementor-top-column elementor-element elementor-element-31f071ca\" data-id=\"31f071ca\" data-element_type=\"column\" data-e-type=\"column\">\n\t\t\t<div class=\"elementor-widget-wrap elementor-element-populated\">\n\t\t\t\t\t\t<div class=\"elementor-element elementor-element-1f2b4775 elementor-widget elementor-widget-heading\" data-id=\"1f2b4775\" data-element_type=\"widget\" data-e-type=\"widget\" data-widget_type=\"heading.default\">\n\t\t\t\t\t<h1 class=\"elementor-heading-title elementor-size-default\">\u00c0 propos de nous<\/h1>\t\t\t\t<\/div>\n\t\t\t\t<div class=\"elementor-element elementor-element-49cbd0f7 elementor-widget__width-auto elementor-widget elementor-widget-button\" data-id=\"49cbd0f7\" data-element_type=\"widget\" data-e-type=\"widget\" data-widget_type=\"button.default\">\n\t\t\t\t\t\t\t\t\t\t<a class=\"elementor-button elementor-button-link elementor-size-sm\" href=\"https:\/\/golftabusintac.ca\/\">\n\t\t\t\t\t\t<span class=\"elementor-button-content-wrapper\">\n\t\t\t\t\t\t<span class=\"elementor-button-icon\">\n\t\t\t\t<svg aria-hidden=\"true\" class=\"e-font-icon-svg e-fas-home\" viewBox=\"0 0 576 512\" xmlns=\"http:\/\/www.w3.org\/2000\/svg\"><path d=\"M280.37 148.26L96 300.11V464a16 16 0 0 0 16 16l112.06-.29a16 16 0 0 0 15.92-16V368a16 16 0 0 1 16-16h64a16 16 0 0 1 16 16v95.64a16 16 0 0 0 16 16.05L464 480a16 16 0 0 0 16-16V300L295.67 148.26a12.19 12.19 0 0 0-15.3 0zM571.6 251.47L488 182.56V44.05a12 12 0 0 0-12-12h-56a12 12 0 0 0-12 12v72.61L318.47 43a48 48 0 0 0-61 0L4.34 251.47a12 12 0 0 0-1.6 16.9l25.5 31A12 12 0 0 0 45.15 301l235.22-193.74a12.19 12.19 0 0 1 15.3 0L530.9 301a12 12 0 0 0 16.9-1.6l25.5-31a12 12 0 0 0-1.7-16.93z\"><\/path><\/svg>\t\t\t<\/span>\n\t\t\t\t\t\t\t\t\t<span class=\"elementor-button-text\">Accueil<\/span>\n\t\t\t\t\t<\/span>\n\t\t\t\t\t<\/a>\n\t\t\t\t\t\t\t\t<\/div>\n\t\t\t\t<div class=\"elementor-element elementor-element-116a4bc6 elementor-widget__width-auto elementor-widget elementor-widget-text-editor\" data-id=\"116a4bc6\" data-element_type=\"widget\" data-e-type=\"widget\" data-widget_type=\"text-editor.default\">\n\t\t\t\t\t\t\t\t\t<p>\/<\/p>\t\t\t\t\t\t\t\t<\/div>\n\t\t\t\t<div class=\"elementor-element elementor-element-48d6b79e elementor-widget__width-auto elementor-widget elementor-widget-button\" data-id=\"48d6b79e\" data-element_type=\"widget\" data-e-type=\"widget\" data-widget_type=\"button.default\">\n\t\t\t\t\t\t\t\t\t\t<a class=\"elementor-button elementor-button-link elementor-size-sm\" href=\"https:\/\/golftabusintac.ca\/?page_id=26\">\n\t\t\t\t\t\t<span class=\"elementor-button-content-wrapper\">\n\t\t\t\t\t\t\t\t\t<span class=\"elementor-button-text\">\u00c0 propos<\/span>\n\t\t\t\t\t<\/span>\n\t\t\t\t\t<\/a>\n\t\t\t\t\t\t\t\t<\/div>\n\t\t\t\t\t<\/div>\n\t\t<\/div>\n\t\t\t\t\t<\/div>\n\t\t<\/section>\n\t\t\t\t<section class=\"elementor-section elementor-top-section elementor-element elementor-element-70cd88d9 elementor-section-boxed elementor-section-height-default elementor-section-height-default\" data-id=\"70cd88d9\" data-element_type=\"section\" data-e-type=\"section\">\n\t\t\t\t\t\t\t<div class=\"elementor-background-overlay\"><\/div>\n\t\t\t\t\t\t\t<div class=\"elementor-container elementor-column-gap-default\">\n\t\t\t\t\t<div class=\"elementor-column elementor-col-100 elementor-top-column elementor-element elementor-element-de789b9\" data-id=\"de789b9\" data-element_type=\"column\" data-e-type=\"column\">\n\t\t\t<div class=\"elementor-widget-wrap elementor-element-populated\">\n\t\t\t\t\t\t<div class=\"elementor-element elementor-element-4921703b elementor-widget elementor-widget-heading\" data-id=\"4921703b\" data-element_type=\"widget\" data-e-type=\"widget\" data-widget_type=\"heading.default\">\n\t\t\t\t\t<h2 class=\"elementor-heading-title elementor-size-default\">Fond\u00e9e en 1999<\/h2>\t\t\t\t<\/div>\n\t\t\t\t<div class=\"elementor-element elementor-element-65c50d7 elementor-widget-divider--view-line elementor-widget elementor-widget-divider\" data-id=\"65c50d7\" data-element_type=\"widget\" data-e-type=\"widget\" data-widget_type=\"divider.default\">\n\t\t\t\t\t\t\t<div class=\"elementor-divider\">\n\t\t\t<span class=\"elementor-divider-separator\">\n\t\t\t\t\t\t<\/span>\n\t\t<\/div>\n\t\t\t\t\t\t<\/div>\n\t\t\t\t<div class=\"elementor-element elementor-element-4961ac35 elementor-widget elementor-widget-text-editor\" data-id=\"4961ac35\" data-element_type=\"widget\" data-e-type=\"widget\" data-widget_type=\"text-editor.default\">\n\t\t\t\t\t\t\t\t\t<p data-start=\"184\" data-end=\"565\">Tout a commenc\u00e9 avec un r\u00eave \u2014 celui d\u2019un petit groupe de b\u00e9n\u00e9voles passionn\u00e9s qui voulaient offrir \u00e0 leur communaut\u00e9 un lieu de rassemblement et de d\u00e9tente au c\u0153ur du Nouveau-Brunswick. De 1992 \u00e0 1999, ces citoyens ont travaill\u00e9 sans rel\u00e2che, arm\u00e9s de pers\u00e9v\u00e9rance et de conviction, pour cr\u00e9er quelque chose de sp\u00e9cial : un terrain de golf o\u00f9 chacun pourrait se sentir chez soi.<\/p><p data-start=\"567\" data-end=\"890\">Le 10 juillet 1999, leur r\u00eave est devenu r\u00e9alit\u00e9 avec l\u2019inauguration officielle du club, guid\u00e9 par la vision et le d\u00e9vouement de son fondateur, Jean-Claude Robichaud. Depuis ce jour, le Club de golf r\u00e9gional de Tabusintac n\u2019a cess\u00e9 d\u2019\u00e9voluer, accueillant joueurs, visiteurs et familles dans un cadre naturel exceptionnel.<\/p><p data-start=\"892\" data-end=\"1201\">En 2004, des chalets ont \u00e9t\u00e9 ajout\u00e9s pour permettre aux visiteurs de prolonger l\u2019exp\u00e9rience et de se r\u00e9veiller au milieu d\u2019un paysage paisible et enchanteur. Et malgr\u00e9 les ann\u00e9es avec leurs d\u00e9fis, le club a toujours conserv\u00e9 son \u00e2me : un lieu chaleureux, authentique et profond\u00e9ment attach\u00e9 \u00e0 sa communaut\u00e9.<\/p><p data-start=\"1203\" data-end=\"1535\">En 2024, pour c\u00e9l\u00e9brer ses 25 ans, un tout nouveau clubhouse moderne a ouvert ses portes, transformant l\u2019exp\u00e9rience des membres et visiteurs. Aujourd\u2019hui, le club est bien plus qu\u2019un parcours de golf : c\u2019est un lieu o\u00f9 les histoires se cr\u00e9ent, o\u00f9 les souvenirs se construisent et o\u00f9 chaque visite devient une exp\u00e9rience m\u00e9morable.<\/p><p data-start=\"1537\" data-end=\"1730\">Venez marcher sur nos greens, respirer l\u2019air pur et partager des moments uniques dans un club qui a grandi avec sa communaut\u00e9 et continue de vibrer pour tous ceux qui franchissent ses portes.<\/p>\t\t\t\t\t\t\t\t<\/div>\n\t\t\t\t\t<\/div>\n\t\t<\/div>\n\t\t\t\t\t<\/div>\n\t\t<\/section>\n\t\t\t\t<section class=\"elementor-section elementor-top-section elementor-element elementor-element-d390d9e elementor-section-boxed elementor-section-height-default elementor-section-height-default\" data-id=\"d390d9e\" data-element_type=\"section\" data-e-type=\"section\">\n\t\t\t\t\t\t<div class=\"elementor-container elementor-column-gap-default\">\n\t\t\t\t\t<div class=\"elementor-column elementor-col-100 elementor-top-column elementor-element elementor-element-c921006\" data-id=\"c921006\" data-element_type=\"column\" data-e-type=\"column\">\n\t\t\t<div class=\"elementor-widget-wrap elementor-element-populated\">\n\t\t\t\t\t\t<div class=\"elementor-element elementor-element-b26f4ca elementor-widget elementor-widget-image\" data-id=\"b26f4ca\" data-element_type=\"widget\" data-e-type=\"widget\" data-widget_type=\"image.default\">\n\t\t\t\t\t\t\t\t\t\t\t\t\t\t\t<img fetchpriority=\"high\" decoding=\"async\" width=\"800\" height=\"567\" src=\"https:\/\/golftabusintac.ca\/wp-content\/uploads\/2026\/04\/Golf-history-1024x726.jpeg\" class=\"attachment-large size-large wp-image-202\" alt=\"\" srcset=\"https:\/\/golftabusintac.ca\/wp-content\/uploads\/2026\/04\/Golf-history-1024x726.jpeg 1024w, https:\/\/golftabusintac.ca\/wp-content\/uploads\/2026\/04\/Golf-history-300x213.jpeg 300w, https:\/\/golftabusintac.ca\/wp-content\/uploads\/2026\/04\/Golf-history-768x545.jpeg 768w, https:\/\/golftabusintac.ca\/wp-content\/uploads\/2026\/04\/Golf-history-1536x1089.jpeg 1536w, https:\/\/golftabusintac.ca\/wp-content\/uploads\/2026\/04\/Golf-history.jpeg 2048w\" sizes=\"(max-width: 800px) 100vw, 800px\" \/>\t\t\t\t\t\t\t\t\t\t\t\t\t\t\t<\/div>\n\t\t\t\t\t<\/div>\n\t\t<\/div>\n\t\t\t\t\t<\/div>\n\t\t<\/section>\n\t\t\t\t<section class=\"elementor-section elementor-top-section elementor-element elementor-element-ffe8645 elementor-section-boxed elementor-section-height-default elementor-section-height-default\" data-id=\"ffe8645\" data-element_type=\"section\" data-e-type=\"section\">\n\t\t\t\t\t\t\t<div class=\"elementor-background-overlay\"><\/div>\n\t\t\t\t\t\t\t<div class=\"elementor-container elementor-column-gap-default\">\n\t\t\t\t\t<div class=\"elementor-column elementor-col-100 elementor-top-column elementor-element elementor-element-123a965\" data-id=\"123a965\" data-element_type=\"column\" data-e-type=\"column\">\n\t\t\t<div class=\"elementor-widget-wrap elementor-element-populated\">\n\t\t\t\t\t\t<div class=\"elementor-element elementor-element-e630102 elementor-widget elementor-widget-heading\" data-id=\"e630102\" data-element_type=\"widget\" data-e-type=\"widget\" data-widget_type=\"heading.default\">\n\t\t\t\t\t<h2 class=\"elementor-heading-title elementor-size-default\">2026, un conseil d'administration avec une grande vision...<\/h2>\t\t\t\t<\/div>\n\t\t\t\t<div class=\"elementor-element elementor-element-68076a0 elementor-widget__width-initial elementor-widget elementor-widget-text-editor\" data-id=\"68076a0\" data-element_type=\"widget\" data-e-type=\"widget\" data-widget_type=\"text-editor.default\">\n\t\t\t\t\t\t\t\t\t<p>Le Club de golf de Tabusintac est une destination sportive et r\u00e9cr\u00e9ative majeure pour les communaut\u00e9s d\u2019Alnwick et de Gloucester, offrant un lieu de divertissement, de d\u00e9tente et de rassemblement appr\u00e9ci\u00e9 de tous.<\/p><p><strong>Si\u00e9gant sur le conseil d&rsquo;administration :<\/strong><\/p><p>Brian Landry \u2013 Pr\u00e9sident<\/p><p>Solange Theriault \u2013 Vice-Pr\u00e9sidente<\/p><p>Brian Basque \u2013 Tr\u00e9sorier<\/p><p>Robert Landry \u2013 Secr\u00e9taire<\/p><p>\u00a0<\/p><p><strong>Administrateurs<\/strong><\/p><p>Jean-Guy LeBouthillier<\/p><p>Edmond Richard<\/p><p>Michel Arseneault<\/p><p>\u00a0<\/p>\t\t\t\t\t\t\t\t<\/div>\n\t\t\t\t<div class=\"elementor-element elementor-element-6728837 elementor-widget elementor-widget-image\" data-id=\"6728837\" data-element_type=\"widget\" data-e-type=\"widget\" data-widget_type=\"image.default\">\n\t\t\t\t\t\t\t\t\t\t\t\t\t\t\t<img decoding=\"async\" width=\"800\" height=\"600\" src=\"https:\/\/golftabusintac.ca\/wp-content\/uploads\/2026\/04\/482024816_543893595385966_7013653407655311290_n-1024x768.jpg\" class=\"attachment-large size-large wp-image-243\" alt=\"\" srcset=\"https:\/\/golftabusintac.ca\/wp-content\/uploads\/2026\/04\/482024816_543893595385966_7013653407655311290_n-1024x768.jpg 1024w, https:\/\/golftabusintac.ca\/wp-content\/uploads\/2026\/04\/482024816_543893595385966_7013653407655311290_n-300x225.jpg 300w, https:\/\/golftabusintac.ca\/wp-content\/uploads\/2026\/04\/482024816_543893595385966_7013653407655311290_n-768x576.jpg 768w, https:\/\/golftabusintac.ca\/wp-content\/uploads\/2026\/04\/482024816_543893595385966_7013653407655311290_n-1536x1152.jpg 1536w, https:\/\/golftabusintac.ca\/wp-content\/uploads\/2026\/04\/482024816_543893595385966_7013653407655311290_n.jpg 2048w\" sizes=\"(max-width: 800px) 100vw, 800px\" \/>\t\t\t\t\t\t\t\t\t\t\t\t\t\t\t<\/div>\n\t\t\t\t\t<\/div>\n\t\t<\/div>\n\t\t\t\t\t<\/div>\n\t\t<\/section>\n\t\t\t\t<section class=\"elementor-section elementor-top-section elementor-element elementor-element-08aa2e2 elementor-section-boxed elementor-section-height-default elementor-section-height-default\" data-id=\"08aa2e2\" data-element_type=\"section\" data-e-type=\"section\" data-settings=\"{&quot;background_background&quot;:&quot;classic&quot;}\">\n\t\t\t\t\t\t<div class=\"elementor-container elementor-column-gap-default\">\n\t\t\t\t\t<div class=\"elementor-column elementor-col-100 elementor-top-column elementor-element elementor-element-dfcb50d\" data-id=\"dfcb50d\" data-element_type=\"column\" data-e-type=\"column\">\n\t\t\t<div class=\"elementor-widget-wrap elementor-element-populated\">\n\t\t\t\t\t\t<div class=\"elementor-element elementor-element-d993264 elementor-widget elementor-widget-spacer\" data-id=\"d993264\" data-element_type=\"widget\" data-e-type=\"widget\" data-widget_type=\"spacer.default\">\n\t\t\t\t\t\t\t<div class=\"elementor-spacer\">\n\t\t\t<div class=\"elementor-spacer-inner\"><\/div>\n\t\t<\/div>\n\t\t\t\t\t\t<\/div>\n\t\t\t\t\t<\/div>\n\t\t<\/div>\n\t\t\t\t\t<\/div>\n\t\t<\/section>\n\t\t\t\t<section class=\"elementor-section elementor-top-section elementor-element elementor-element-3224bc6 elementor-section-boxed elementor-section-height-default elementor-section-height-default\" data-id=\"3224bc6\" data-element_type=\"section\" data-e-type=\"section\" data-settings=\"{&quot;background_background&quot;:&quot;classic&quot;}\">\n\t\t\t\t\t\t\t<div class=\"elementor-background-overlay\"><\/div>\n\t\t\t\t\t\t\t<div class=\"elementor-container elementor-column-gap-default\">\n\t\t\t\t\t<div class=\"elementor-column elementor-col-100 elementor-top-column elementor-element elementor-element-752102e\" data-id=\"752102e\" data-element_type=\"column\" data-e-type=\"column\">\n\t\t\t<div class=\"elementor-widget-wrap elementor-element-populated\">\n\t\t\t\t\t\t<div class=\"elementor-element elementor-element-9f8bfb6 animated-slow elementor-invisible elementor-widget elementor-widget-heading\" data-id=\"9f8bfb6\" data-element_type=\"widget\" data-e-type=\"widget\" data-settings=\"{&quot;_animation&quot;:&quot;fadeIn&quot;}\" data-widget_type=\"heading.default\">\n\t\t\t\t\t<h2 class=\"elementor-heading-title elementor-size-default\">S\u00e9journez \u00e0 Tabusintac Chalets !<\/h2>\t\t\t\t<\/div>\n\t\t\t\t<div class=\"elementor-element elementor-element-4e6cc09 animated-slow elementor-widget-divider--view-line elementor-invisible elementor-widget elementor-widget-divider\" data-id=\"4e6cc09\" data-element_type=\"widget\" data-e-type=\"widget\" data-settings=\"{&quot;_animation&quot;:&quot;fadeIn&quot;,&quot;_animation_delay&quot;:500}\" data-widget_type=\"divider.default\">\n\t\t\t\t\t\t\t<div class=\"elementor-divider\">\n\t\t\t<span class=\"elementor-divider-separator\">\n\t\t\t\t\t\t<\/span>\n\t\t<\/div>\n\t\t\t\t\t\t<\/div>\n\t\t\t\t<div class=\"elementor-element elementor-element-15aaa6b animated-slow elementor-invisible elementor-widget elementor-widget-text-editor\" data-id=\"15aaa6b\" data-element_type=\"widget\" data-e-type=\"widget\" data-settings=\"{&quot;_animation&quot;:&quot;fadeIn&quot;,&quot;_animation_delay&quot;:700}\" data-widget_type=\"text-editor.default\">\n\t\t\t\t\t\t\t\t\t<p>Apr\u00e8s votre partie, relaxez dans l\u2019un des chalets \u00e0 deux pas du parcours, parfait pour d\u00e9crocher et savourer chaque instant.<\/p><p>Le vrai paradis des golfeurs !\u00a0<\/p>\t\t\t\t\t\t\t\t<\/div>\n\t\t\t\t<div class=\"elementor-element elementor-element-6455d3d elementor-widget elementor-widget-button\" data-id=\"6455d3d\" data-element_type=\"widget\" data-e-type=\"widget\" data-widget_type=\"button.default\">\n\t\t\t\t\t\t\t\t\t\t<a class=\"elementor-button elementor-button-link elementor-size-sm\" href=\"https:\/\/tabusintacchalets.com\/fr\/accueil\/\">\n\t\t\t\t\t\t<span class=\"elementor-button-content-wrapper\">\n\t\t\t\t\t\t\t\t\t<span class=\"elementor-button-text\">Rendez-vous sur leur site web<\/span>\n\t\t\t\t\t<\/span>\n\t\t\t\t\t<\/a>\n\t\t\t\t\t\t\t\t<\/div>\n\t\t\t\t\t<\/div>\n\t\t<\/div>\n\t\t\t\t\t<\/div>\n\t\t<\/section>\n\t\t\t\t<section class=\"elementor-section elementor-top-section elementor-element elementor-element-7a7a23ba elementor-section-full_width elementor-section-height-default elementor-section-height-default\" data-id=\"7a7a23ba\" data-element_type=\"section\" data-e-type=\"section\" data-settings=\"{&quot;background_background&quot;:&quot;classic&quot;}\">\n\t\t\t\t\t\t<div class=\"elementor-container elementor-column-gap-default\">\n\t\t\t\t\t<div class=\"elementor-column elementor-col-100 elementor-top-column elementor-element elementor-element-28ec5a98\" data-id=\"28ec5a98\" data-element_type=\"column\" data-e-type=\"column\">\n\t\t\t<div class=\"elementor-widget-wrap elementor-element-populated\">\n\t\t\t\t\t\t<div class=\"elementor-element elementor-element-7ff9779 elementor-arrows-position-inside elementor-pagination-position-outside elementor-widget elementor-widget-image-carousel\" data-id=\"7ff9779\" data-element_type=\"widget\" data-e-type=\"widget\" data-settings=\"{&quot;navigation&quot;:&quot;both&quot;,&quot;autoplay&quot;:&quot;yes&quot;,&quot;pause_on_hover&quot;:&quot;yes&quot;,&quot;pause_on_interaction&quot;:&quot;yes&quot;,&quot;autoplay_speed&quot;:5000,&quot;infinite&quot;:&quot;yes&quot;,&quot;speed&quot;:500}\" data-widget_type=\"image-carousel.default\">\n\t\t\t\t\t\t\t<div class=\"elementor-image-carousel-wrapper swiper\" role=\"region\" aria-roledescription=\"carousel\" aria-label=\"Carrousel d\u2019images\" dir=\"ltr\">\n\t\t\t<div class=\"elementor-image-carousel swiper-wrapper\" aria-live=\"off\">\n\t\t\t\t\t\t\t\t<div class=\"swiper-slide\" role=\"group\" aria-roledescription=\"slide\" aria-label=\"1 of 3\"><figure class=\"swiper-slide-inner\"><img decoding=\"async\" class=\"swiper-slide-image\" src=\"https:\/\/golftabusintac.ca\/wp-content\/uploads\/2026\/04\/1-768x768.png\" alt=\"1\" \/><\/figure><\/div><div class=\"swiper-slide\" role=\"group\" aria-roledescription=\"slide\" aria-label=\"2 of 3\"><figure class=\"swiper-slide-inner\"><img decoding=\"async\" class=\"swiper-slide-image\" src=\"https:\/\/golftabusintac.ca\/wp-content\/uploads\/2026\/04\/2-768x768.png\" alt=\"2\" \/><\/figure><\/div><div class=\"swiper-slide\" role=\"group\" aria-roledescription=\"slide\" aria-label=\"3 of 3\"><figure class=\"swiper-slide-inner\"><img decoding=\"async\" class=\"swiper-slide-image\" src=\"https:\/\/golftabusintac.ca\/wp-content\/uploads\/2026\/04\/3-768x768.png\" alt=\"3\" \/><\/figure><\/div>\t\t\t<\/div>\n\t\t\t\t\t\t\t\t\t\t\t\t<div class=\"elementor-swiper-button elementor-swiper-button-prev\" role=\"button\" tabindex=\"0\">\n\t\t\t\t\t\t<svg aria-hidden=\"true\" class=\"e-font-icon-svg e-eicon-chevron-left\" viewBox=\"0 0 1000 1000\" xmlns=\"http:\/\/www.w3.org\/2000\/svg\"><path d=\"M646 125C629 125 613 133 604 142L308 442C296 454 292 471 292 487 292 504 296 521 308 533L604 854C617 867 629 875 646 875 663 875 679 871 692 858 704 846 713 829 713 812 713 796 708 779 692 767L438 487 692 225C700 217 708 204 708 187 708 171 704 154 692 142 675 129 663 125 646 125Z\"><\/path><\/svg>\t\t\t\t\t<\/div>\n\t\t\t\t\t<div class=\"elementor-swiper-button elementor-swiper-button-next\" role=\"button\" tabindex=\"0\">\n\t\t\t\t\t\t<svg aria-hidden=\"true\" class=\"e-font-icon-svg e-eicon-chevron-right\" viewBox=\"0 0 1000 1000\" xmlns=\"http:\/\/www.w3.org\/2000\/svg\"><path d=\"M696 533C708 521 713 504 713 487 713 471 708 454 696 446L400 146C388 133 375 125 354 125 338 125 325 129 313 142 300 154 292 171 292 187 292 204 296 221 308 233L563 492 304 771C292 783 288 800 288 817 288 833 296 850 308 863 321 871 338 875 354 875 371 875 388 867 400 854L696 533Z\"><\/path><\/svg>\t\t\t\t\t<\/div>\n\t\t\t\t\n\t\t\t\t\t\t\t\t\t<div class=\"swiper-pagination\"><\/div>\n\t\t\t\t\t\t\t\t\t<\/div>\n\t\t\t\t\t\t<\/div>\n\t\t\t\t\t<\/div>\n\t\t<\/div>\n\t\t\t\t\t<\/div>\n\t\t<\/section>\n\t\t\t\t<\/div>\n\t\t","protected":false},"excerpt":{"rendered":"<p>\u00c0 propos de nous Accueil \/ \u00c0 propos Fond\u00e9e en 1999 Tout a commenc\u00e9 avec un r\u00eave \u2014 celui d\u2019un petit groupe de b\u00e9n\u00e9voles passionn\u00e9s qui voulaient offrir \u00e0 leur communaut\u00e9 un lieu de rassemblement et de d\u00e9tente au c\u0153ur du Nouveau-Brunswick. De 1992 \u00e0 1999, ces citoyens ont travaill\u00e9 sans rel\u00e2che, arm\u00e9s de pers\u00e9v\u00e9rance [&hellip;]<\/p>\n","protected":false},"author":2,"featured_media":0,"parent":0,"menu_order":0,"comment_status":"closed","ping_status":"closed","template":"","meta":{"iawp_total_views":4,"footnotes":""},"class_list":["post-26","page","type-page","status-publish","hentry"],"_links":{"self":[{"href":"https:\/\/golftabusintac.ca\/index.php?rest_route=\/wp\/v2\/pages\/26","targetHints":{"allow":["GET"]}}],"collection":[{"href":"https:\/\/golftabusintac.ca\/index.php?rest_route=\/wp\/v2\/pages"}],"about":[{"href":"https:\/\/golftabusintac.ca\/index.php?rest_route=\/wp\/v2\/types\/page"}],"author":[{"embeddable":true,"href":"https:\/\/golftabusintac.ca\/index.php?rest_route=\/wp\/v2\/users\/2"}],"replies":[{"embeddable":true,"href":"https:\/\/golftabusintac.ca\/index.php?rest_route=%2Fwp%2Fv2%2Fcomments&post=26"}],"version-history":[{"count":19,"href":"https:\/\/golftabusintac.ca\/index.php?rest_route=\/wp\/v2\/pages\/26\/revisions"}],"predecessor-version":[{"id":267,"href":"https:\/\/golftabusintac.ca\/index.php?rest_route=\/wp\/v2\/pages\/26\/revisions\/267"}],"wp:attachment":[{"href":"https:\/\/golftabusintac.ca\/index.php?rest_route=%2Fwp%2Fv2%2Fmedia&parent=26"}],"curies":[{"name":"wp","href":"https:\/\/api.w.org\/{rel}","templated":true}]}}